{"id":8487,"date":"2022-10-24T13:17:20","date_gmt":"2022-10-24T11:17:20","guid":{"rendered":"https:\/\/antiquewhite-gerbil-448984.hostingersite.com\/?page_id=8487"},"modified":"2026-01-04T17:38:11","modified_gmt":"2026-01-04T16:38:11","slug":"a-propos","status":"publish","type":"page","link":"https:\/\/troncybois.com\/?page_id=8487","title":{"rendered":"A PROPOS"},"content":{"rendered":"\t\t<div data-elementor-type=\"wp-page\" data-elementor-id=\"8487\" class=\"elementor elementor-8487\">\n\t\t\t\t\t\t<section class=\"elementor-section elementor-top-section elementor-element elementor-element-de813e2 elementor-section-boxed elementor-section-height-default elementor-section-height-default wd-section-disabled\" data-id=\"de813e2\" data-element_type=\"section\">\n\t\t\t\t\t\t<div class=\"elementor-container elementor-column-gap-default\">\n\t\t\t\t\t<div class=\"elementor-column elementor-col-100 elementor-top-column elementor-element elementor-element-7d346de\" data-id=\"7d346de\" data-element_type=\"column\">\n\t\t\t<div class=\"elementor-widget-wrap elementor-element-populated\">\n\t\t\t\t\t\t<section class=\"elementor-section elementor-inner-section elementor-element elementor-element-8825285 elementor-section-boxed elementor-section-height-default elementor-section-height-default wd-section-disabled\" data-id=\"8825285\" data-element_type=\"section\">\n\t\t\t\t\t\t<div class=\"elementor-container elementor-column-gap-default\">\n\t\t\t\t\t<div class=\"elementor-column elementor-col-100 elementor-inner-column elementor-element elementor-element-9c46599\" data-id=\"9c46599\" data-element_type=\"column\">\n\t\t\t<div class=\"elementor-widget-wrap elementor-element-populated\">\n\t\t\t\t\t\t<div class=\"elementor-element elementor-element-14bb393 color-scheme-inherit text-left elementor-widget elementor-widget-text-editor\" data-id=\"14bb393\" data-element_type=\"widget\" data-widget_type=\"text-editor.default\">\n\t\t\t\t<div class=\"elementor-widget-container\">\n\t\t\t\t\t\t\t\t\t<div><p><span style=\"color: #ff0000;\">\u00c0 PROPOS DE NOUS<\/span><\/p><p><span style=\"color: #ff0000;\">\u201cNOUS VOULONS CONTRIBUER \u00c0 NOTRE \u00c9CHELLE \u00c0 LA CONSTITUTION D&rsquo;UNE POLITIQUE \u00c9NERG\u00c9TIQUE RATIONNELLE BAS\u00c9E SUR LA VALORISATION DES RESSOURCES LOCALES\u201d<\/span><\/p><\/div><div><p>A ce jour, nous traitons plusieurs milliers de tonnes de d\u00e9chets de bois pour produire des b\u00fbches de bois de chauffage compact\u00e9es.<\/p><p>Appuy\u00e9s par une unit\u00e9 de transformation de bois sec, nous s\u00e9lectionnons les meilleures essences (ch\u00eane et h\u00eatre) pour les transformer par compression en bois de chauffage propre, pratique, efficace et \u00e9cologique.<\/p><p>Notre logique industrielle, bas\u00e9e sur l&rsquo;exploitation locale et durable des ressources de notre territoire, ne s&rsquo;arr\u00eate pas au bois \u00e9nergie, puisque nous proposons \u00e9galement une offre d&rsquo;\u00e9lectricit\u00e9 verte pour donner \u00e0 chacun les moyens de contribuer \u00e0 la transition \u00e9nerg\u00e9tique.<\/p><p>Notre unit\u00e9 de production est situ\u00e9e \u00e0 Loing en raison de la proximit\u00e9 des mati\u00e8res premi\u00e8res. Notre \u00a0\u00e9quipe commerciale est disponible pour vous accompagner du lundi au vendredi de 09h00 \u00e0 18h30.<\/p><\/div><div><p><span style=\"color: #ff0000;\">CONTACTEZ-NOUS<\/span><\/p><p><span style=\"color: #ff0000;\">Parrainage 1<\/span><br \/><span style=\"color: #ff0000;\">NOTRE PHILOSOPHIE<\/span><\/p><\/div><div>La politique du cr\u00e9dit d&rsquo;imp\u00f4t a rapidement s\u00e9duit les Fran\u00e7ais et le nombre d&rsquo;appareils de chauffage au bois a en cons\u00e9quence explos\u00e9 ces derni\u00e8res ann\u00e9es, augmentant la demande de bois de chauffage sans adapter dans la m\u00eame mesure une offre \u00e0 ces nouveaux utilisateurs. Troncy Bois est n\u00e9 \u00e0 l&rsquo;origine de la volont\u00e9 de r\u00e9pondre \u00e0 cette demande dans un march\u00e9 plut\u00f4t opaque o\u00f9 les consommateurs avaient souvent du mal \u00e0 s&rsquo;y retrouver.<\/div><div><span style=\"color: #f83837;\"><strong>Troncy Bois:<\/strong><\/span><\/div><div><p><span style=\"color: #ff0000;\">100%\u00a0 Fabrication Fran\u00e7ais<\/span><\/p><p>Une entreprise familiale au service de ses clients.<\/p><p>L&rsquo;opacit\u00e9 du march\u00e9 du bois de chauffage en France, dont 70% se d\u00e9roule dans des conditions ill\u00e9gales, n&rsquo;est pas non plus un \u00e9l\u00e9ment rassurant pour les acheteurs. Notre volont\u00e9 chez Troncy Bois\u00a0est de nous positionner comme un fournisseur de commerce \u00e9lectronique offrant une qualit\u00e9 irr\u00e9prochable de produits et de services \u00e0 des clients dont plusieurs ont d\u00e9j\u00e0 v\u00e9cu une mauvaise exp\u00e9rience en achetant du bois de chauffage.<br \/>Directement du producteur au client final : une consommation intelligente.<\/p><\/div><div>Notre strat\u00e9gie est r\u00e9solument ax\u00e9e sur la satisfaction de nos clients. En proposant notre bois de chauffage press\u00e9 directement du producteur au consommateur, nous avons \u00e9vit\u00e9 les circuits traditionnels de la grande distribution qui entra\u00eenent des co\u00fbts suppl\u00e9mentaires pour le client final. De m\u00eame, nous essayons de favoriser les mises en relation entre nos clients d&rsquo;une m\u00eame zone g\u00e9ographique afin que vous puissiez regrouper les acheteurs et \u00e9conomiser sur les frais de livraison. Cette politique souligne \u00e9galement notre volont\u00e9 de minimiser le transport du bois de chauffage press\u00e9 afin d&rsquo;avoir le moins d&rsquo;impact sur l&rsquo;environnement. Cliquez ici pour plus de d\u00e9tails.<br \/>Institutionnaliser la vente de bois de chauffage .<\/div><div>Bien que nous soyons pr\u00e9sents \u00e0 l\u2019\u00e9chelle nationale, notre entreprise est une petite entreprise familiale engag\u00e9e dans une relation durable avec ses clients. C&rsquo;est pourquoi notre service commercial est l\u00e0 pour vous \u00e9couter. Parce que chaque client est unique, nous devons r\u00e9pondre \u00e0 vos attentes et \u00eatre r\u00e9actifs. Notre \u00e9quipe commerciale est disponible du lundi au samedi de 9h \u00e0 18h30, alors n&rsquo;h\u00e9sitez pas et contactez-nous, nous sommes enti\u00e8rement \u00e0 votre \u00e9coute.<br \/>Valorisation des d\u00e9chets de la fili\u00e8re bois.<br \/>La forte augmentation de la demande en bois \u00e9nergie pose la question de la gestion de la ressource qui, malgr\u00e9 l&rsquo;importance du territoire forestier de notre pays, reste paradoxalement limit\u00e9e. Recycler les d\u00e9chets de cette industrie sous forme de combustible nous a sembl\u00e9 un moyen de pallier le manque de bois de chauffage et de satisfaire de nouveaux utilisateurs \u00e0 la recherche d&rsquo;un produit facile \u00e0 obtenir, pratique et efficace, tout en pr\u00e9servant nos for\u00eats et un cadre de vie durable et les exploiter.<\/div><div>\u00a0<\/div><div>\u00a0<\/div><div>\u00a0<\/div><div><p><span style=\"color: #ff0000;\">D\u00c9COUVREZ NOS ENGAGEMENTS<\/span><\/p><p><span style=\"color: #ff0000;\">Troncy Bois\u00a0PREND SOIN DE L&rsquo;ENVIRONNEMENT.<\/span><\/p><\/div><div>\u00a0<\/div><div><p>Conscient du d\u00e9fi environnemental que nous devons relever ensemble, Troncy Bois \u00a0inscrit sa strat\u00e9gie industrielle dans une logique \u00e9cologique et met tout en \u0153uvre pour r\u00e9duire l&rsquo;impact de ses activit\u00e9s.<\/p><p>R\u00e9duire notre empreinte \u00e9cologique<\/p><p>Toutes les sciures que nous utilisons sont situ\u00e9es \u00e0 proximit\u00e9 de notre site de production et sont transport\u00e9es sur moins de 30 km avant d&rsquo;\u00eatre transform\u00e9es en bois de chauffage press\u00e9.<\/p><p>Nous \u00e9vitons ainsi chaque ann\u00e9e \u00e0 plus d&rsquo;une centaine de semi-remorques de parcourir des kilom\u00e8tres inutiles, divisant par 3 les \u00e9missions de CO2 li\u00e9es au transport des d\u00e9chets de bois que nous utilisons pour la production de nos troncs d&rsquo;arbres compact\u00e9s.<\/p><\/div><div><p>Site Web aliment\u00e9 par de l&rsquo;\u00e9lectricit\u00e9 renouvelable<\/p><p>La production d&rsquo;\u00e9lectricit\u00e9 destin\u00e9e au secteur informatique (ordinateurs, serveurs, routeurs, etc.) g\u00e9n\u00e8re 2% des \u00e9missions de gaz \u00e0 effet de serre, l&rsquo;\u00e9quivalent du secteur a\u00e9rien (source : Gartner).<\/p><p>L\u2019h\u00e9bergement de notre site Internet et sa consultation contribuent \u00e0 cette consommation \u00e9lectrique qui a un impact important sur l\u2019environnement.<\/p><p>En s&rsquo;engageant \u00e0 travailler avec la soci\u00e9t\u00e9 Wattimpact, nous r\u00e9duisons l&rsquo;impact environnemental de notre site internet en utilisant de l&rsquo;\u00e9lectricit\u00e9 renouvelable pour son fonctionnement.<\/p><p>\u00c9vitez d&rsquo;abattre des arbres destin\u00e9s \u00e0 la production de bois de chauffage<\/p><p>La b\u00fbche densifi\u00e9e, issue du recyclage des sciures et copeaux issus de la transformation du bois, est une valorisation des sous-produits de cette industrie. Aucun arbre n\u2019est abattu directement pour produire des b\u00fbches \u00e9cologiques, contrairement \u00e0 son cousin le bois de chauffage traditionnel.<\/p><\/div><div><p>En utilisant des b\u00fbches de bois compress\u00e9es de Troncy Bois , nous pouvons conserver nos ressources en bois en convertissant les d\u00e9chets en \u00e9nergie.<\/p><p>CAISSES EN BOIS DE CH\u00caNE ET DE H\u00caTRE<\/p><p>Les utilisateurs traditionnels de bois de chauffage pr\u00e9f\u00e8rent les essences de ch\u00eane et de h\u00eatre pour leur r\u00e9sistance au feu et leurs propri\u00e9t\u00e9s calorifiques exceptionnelles.<\/p><p>En utilisant des b\u00fbches de bois compress\u00e9es de Troncy Bois , nous pouvons conserver nos ressources en bois en convertissant les d\u00e9chets en \u00e9nergie.<\/p><p>CAISSES EN BOIS DE CH\u00caNE ET DE H\u00caTRE<\/p><p>Les utilisateurs traditionnels de bois de chauffage pr\u00e9f\u00e8rent les essences de ch\u00eane et de h\u00eatre pour leur r\u00e9sistance au feu et leurs propri\u00e9t\u00e9s calorifiques exceptionnelles.<\/p><p>Chez Troncy Bois, nous utilisons uniquement ces deux essences de bois pour fabriquer nos b\u00fbches densifi\u00e9es afin de garantir \u00e0 nos clients un produit dont les performances sont \u00e0 la hauteur de leurs attentes.<\/p><p>Notre bois de chauffage press\u00e9 est compos\u00e9 exclusivement de bois dur dans les proportions suivantes : environ 90 % de ch\u00eane et 10 % de h\u00eatre.<\/p><p>Plus de d\u00e9tails sur notre bois de chauffage press\u00e9 : Faible humidit\u00e9 garantie.<\/p><p>LES BOIS SONT DEUX FOIS PLUS SECS QUE LE BOIS DE CHAUFFAGE CONVENTIONNEL<\/p><p>Nos limitations techniques de production nous obligent \u00e0 \u00eatre tr\u00e8s vigilants quant au taux d\u2019humidit\u00e9 des sciures que nous utilisons. En effet, celui-ci ne doit pas d\u00e9passer 14 % si l\u2019on souhaite une b\u00fbche densifi\u00e9e de qualit\u00e9.<\/p><p>C&rsquo;est pour cette raison que nous utilisons uniquement des sciures et des copeaux issus de la transformation de bois sec et non trait\u00e9, ce qui nous permet de produire du bois de chauffage compress\u00e9 avec un pourcentage inf\u00e9rieur \u00e0 10 %. Moiti\u00e9 moins que du bois de chauffage qui aurait s\u00e9ch\u00e9 pendant plus de 2 ans dans des conditions optimales.<\/p><p>Les b\u00fbches compact\u00e9es Troncy Bois<strong>\u00a0<\/strong>sont au moins deux fois plus s\u00e8ches que le bois de chauffage traditionnel et ont un pouvoir calorifique tr\u00e8s \u00e9lev\u00e9.<\/p><p>B\u00fbches compact\u00e9es par rapport aux b\u00fbches traditionnelles<\/p><p>Bois naturellement densifi\u00e9<\/p><p>BLOCS SUSPECTS par Troncy Bois<strong>\u00a0<\/strong>RESPECTEZ L&rsquo;ENVIRONNEMENT<\/p><p>Les blocs de bois press\u00e9 Troncy Bois<strong>\u00a0<\/strong>sont fabriqu\u00e9s \u00e0 partir de sciure de bois et de copeaux de bois non trait\u00e9s.<\/p><p>Ces d\u00e9chets issus de l&rsquo;industrie du bois sont comprim\u00e9s par un piston dans une chambre m\u00e9tallique. Le frottement du bois sur le m\u00e9tal provoque un ph\u00e9nom\u00e8ne d&rsquo;\u00e9chauffement qui transforme la lignine (la mol\u00e9cule pr\u00e9sente dans le bois) en une sorte de colle naturelle.<\/p><p>Il n\u2019y a donc aucun additif, ni dans la mati\u00e8re premi\u00e8re ni lors de la production. Les b\u00fbches densifi\u00e9es Troncy Bois sont 100% naturelles et contribuent \u00e0 prot\u00e9ger l&rsquo;environnement en valorisant les d\u00e9chets de bois et en limitant l&rsquo;\u00e9mission de particules fines dans l&rsquo;air.<\/p><p>Consultez notre article pour reconna\u00eetre facilement le bois de chauffage compress\u00e9 de haute qualit\u00e9.<\/p><\/div><div>\u00a0<\/div><div>\u00a0<\/div>\t\t\t\t\t\t\t\t<\/div>\n\t\t\t\t<\/div>\n\t\t\t\t\t<\/div>\n\t\t<\/div>\n\t\t\t\t\t<\/div>\n\t\t<\/section>\n\t\t\t\t\t<\/div>\n\t\t<\/div>\n\t\t\t\t\t<\/div>\n\t\t<\/section>\n\t\t\t\t<\/div>\n\t\t","protected":false},"excerpt":{"rendered":"<p>\u00c0 PROPOS DE NOUS \u201cNOUS VOULONS CONTRIBUER \u00c0 NOTRE \u00c9CHELLE \u00c0 LA CONSTITUTION D&rsquo;UNE POLITIQUE \u00c9NERG\u00c9TIQUE RATIONNELLE BAS\u00c9E SUR LA<\/p>\n","protected":false},"author":1,"featured_media":0,"parent":0,"menu_order":0,"comment_status":"closed","ping_status":"closed","template":"","meta":{"footnotes":""},"class_list":["post-8487","page","type-page","status-publish","hentry"],"jetpack_sharing_enabled":true,"_links":{"self":[{"href":"https:\/\/troncybois.com\/index.php?rest_route=\/wp\/v2\/pages\/8487","targetHints":{"allow":["GET"]}}],"collection":[{"href":"https:\/\/troncybois.com\/index.php?rest_route=\/wp\/v2\/pages"}],"about":[{"href":"https:\/\/troncybois.com\/index.php?rest_route=\/wp\/v2\/types\/page"}],"author":[{"embeddable":true,"href":"https:\/\/troncybois.com\/index.php?rest_route=\/wp\/v2\/users\/1"}],"replies":[{"embeddable":true,"href":"https:\/\/troncybois.com\/index.php?rest_route=%2Fwp%2Fv2%2Fcomments&post=8487"}],"version-history":[{"count":42,"href":"https:\/\/troncybois.com\/index.php?rest_route=\/wp\/v2\/pages\/8487\/revisions"}],"predecessor-version":[{"id":14383,"href":"https:\/\/troncybois.com\/index.php?rest_route=\/wp\/v2\/pages\/8487\/revisions\/14383"}],"wp:attachment":[{"href":"https:\/\/troncybois.com\/index.php?rest_route=%2Fwp%2Fv2%2Fmedia&parent=8487"}],"curies":[{"name":"wp","href":"https:\/\/api.w.org\/{rel}","templated":true}]}}