{"id":8450,"date":"2022-10-24T12:31:34","date_gmt":"2022-10-24T10:31:34","guid":{"rendered":"https:\/\/antiquewhite-gerbil-448984.hostingersite.com\/?page_id=8450"},"modified":"2026-01-05T17:30:27","modified_gmt":"2026-01-05T16:30:27","slug":"politique-de-retours","status":"publish","type":"page","link":"https:\/\/troncybois.com\/?page_id=8450","title":{"rendered":"POLITIQUES DE RETOURS"},"content":{"rendered":"\t\t<div data-elementor-type=\"wp-page\" data-elementor-id=\"8450\" class=\"elementor elementor-8450\">\n\t\t\t\t\t\t<section class=\"elementor-section elementor-top-section elementor-element elementor-element-7d29373 elementor-section-boxed elementor-section-height-default elementor-section-height-default wd-section-disabled\" data-id=\"7d29373\" data-element_type=\"section\">\n\t\t\t\t\t\t<div class=\"elementor-container elementor-column-gap-default\">\n\t\t\t\t\t<div class=\"elementor-column elementor-col-100 elementor-top-column elementor-element elementor-element-c8cb02b\" data-id=\"c8cb02b\" data-element_type=\"column\">\n\t\t\t<div class=\"elementor-widget-wrap elementor-element-populated\">\n\t\t\t\t\t\t<section class=\"elementor-section elementor-inner-section elementor-element elementor-element-fd238c7 elementor-section-boxed elementor-section-height-default elementor-section-height-default wd-section-disabled\" data-id=\"fd238c7\" data-element_type=\"section\">\n\t\t\t\t\t\t<div class=\"elementor-container elementor-column-gap-default\">\n\t\t\t\t\t<div class=\"elementor-column elementor-col-100 elementor-inner-column elementor-element elementor-element-0f0335b\" data-id=\"0f0335b\" data-element_type=\"column\">\n\t\t\t<div class=\"elementor-widget-wrap elementor-element-populated\">\n\t\t\t\t\t\t<div class=\"elementor-element elementor-element-bb12d9d color-scheme-inherit text-left elementor-widget elementor-widget-text-editor\" data-id=\"bb12d9d\" data-element_type=\"widget\" data-widget_type=\"text-editor.default\">\n\t\t\t\t<div class=\"elementor-widget-container\">\n\t\t\t\t\t\t\t\t\t<p>Notre politique dure 30 jours. Si plus de 30 jours se sont \u00e9coul\u00e9s depuis votre achat, nous ne pouvons malheureusement offrir ni remboursement ni \u00e9change.<\/p><p>Pour pouvoir \u00eatre retourn\u00e9, votre article doit \u00eatre inutilis\u00e9 et dans l&rsquo;\u00e9tat o\u00f9 vous l&rsquo;avez re\u00e7u. Il doit aussi \u00eatre dans son emballage d&rsquo;origine.<\/p><p>Le retour de certains types de marchandises n&rsquo;est pas autoris\u00e9. Et ne peuvent pas \u00eatre retourn\u00e9es. De m\u00eame, nous n&rsquo;acceptons pas les produits les mati\u00e8res ou substances dangereuses, ni les liquides ou les gaz inflammables.<\/p><p><span style=\"color: #f83837;\"><strong>Autres articles dont le retour n&rsquo;est pas autoris\u00e9\u00a0:<\/strong><\/span><br \/>*\u00a0Cartes-cadeaux<br \/>*\u00a0Logiciels t\u00e9l\u00e9chargeables<\/p><p>Pour compl\u00e9ter votre retour, nous exigeons un re\u00e7u ou une preuve d&rsquo;achat.<br \/>Ne retournez pas votre achat au fabricant.<\/p><p><span style=\"color: #f83837;\"><strong>Dans certains cas, seuls des remboursements partiels sont accord\u00e9s\u00a0:<\/strong><\/span> (le cas \u00e9ch\u00e9ant)<br \/>*\u00a0Livres montrant des signes d&rsquo;utilisation \u00e9vidents<br \/>*\u00a0CD, DVD, cassettes VHS, logiciels, jeux vid\u00e9o, cassettes audio ou disques en vinyle ayant \u00e9t\u00e9 ouverts.<br \/>*\u00a0Tout article qui n&rsquo;est pas dans son \u00e9tat d&rsquo;origine, qui est endommag\u00e9 ou auquel il manque des pi\u00e8ces pour une raison non due \u00e0 une erreur de notre part.<br \/>*\u00a0Tout article retourn\u00e9 plus de 30\u00a0jours apr\u00e8s sa livraison<br \/>Remboursements (le cas \u00e9ch\u00e9ant)<br \/>Une fois votre retour re\u00e7u et inspect\u00e9, nous vous adresserons un e-mail pour vous indiquer que nous avons re\u00e7u l&rsquo;article retourn\u00e9. Nous vous pr\u00e9ciserons \u00e9galement si votre remboursement est approuv\u00e9 ou refus\u00e9.<br \/>S&rsquo;il est approuv\u00e9, votre remboursement est alors trait\u00e9 et votre carte de cr\u00e9dit ou moyen de paiement initial se voit cr\u00e9dit\u00e9(e) automatiquement dans un d\u00e9lai de quelques jours.<\/p><p><span style=\"color: #f83837;\"><strong>Remboursements retard\u00e9s ou manquants (le cas \u00e9ch\u00e9ant)<\/strong><\/span><br \/>Si vous n&rsquo;avez pas encore re\u00e7u de remboursement, rev\u00e9rifiez d&rsquo;abord votre compte bancaire.<br \/>Puis contactez la soci\u00e9t\u00e9 \u00e9mettrice de votre carte de cr\u00e9dit, car il se peut que l&rsquo;affichage officiel de votre remboursement prenne un peu de temps.<br \/>Ensuite, contactez votre banque. L&rsquo;affichage d&rsquo;un remboursement est souvent pr\u00e9c\u00e9d\u00e9 d&rsquo;un d\u00e9lai de traitement.<br \/>Si vous avez effectu\u00e9 toutes ces d\u00e9marches et que vous n&rsquo;avez toujours pas re\u00e7u votre remboursement, contactez-nous \u00e0 l&rsquo;adresse suivante :<\/p><div class=\"email\" data-v-200419d6=\"\"><span class=\"font-600\" data-v-200419d6=\"\">Email<\/span>: contact@troncybois.com<\/div><div class=\"email\" data-v-200419d6=\"\">Articles sold\u00e9s ou en promotion (le cas \u00e9ch\u00e9ant)<br \/>Seuls les articles \u00e0 prix normal sont remboursables. Malheureusement, les articles sold\u00e9s ou en promotion ne le sont pas.<\/div><p><span style=\"color: #f83837;\"><strong>\u00c9changes (le cas \u00e9ch\u00e9ant)<\/strong><\/span><br \/>Nous ne rempla\u00e7ons que les articles initialement d\u00e9fectueux ou endommag\u00e9s. Si vous devez remplacer le v\u00f4tre par le m\u00eame article, adressez-nous un e-mail \u00e0<\/p><div class=\"email\" data-v-200419d6=\"\"><span class=\"font-600\" data-v-200419d6=\"\">Email<\/span>: contact@troncybois.com<\/div><div class=\"email\" data-v-200419d6=\"\"><span style=\"color: #f83837;\"><strong>Cadeaux<\/strong><\/span><br \/>Si l&rsquo;article a \u00e9t\u00e9 marqu\u00e9 comme cadeau au moment de l&rsquo;achat et s&rsquo;il vous a \u00e9t\u00e9 exp\u00e9di\u00e9 directement, vous recevrez un cr\u00e9dit cadeau d&rsquo;une valeur \u00e9quivalente \u00e0 celle de l&rsquo;article retourn\u00e9. Une fois l&rsquo;article retourn\u00e9 re\u00e7u, un bon cadeau vous sera envoy\u00e9 par voie postale.<\/div><p>Si l&rsquo;article n&rsquo;a pas \u00e9t\u00e9 marqu\u00e9 comme cadeau au moment de l&rsquo;achat, ou si la personne \u00e0 l&rsquo;origine du cadeau s&rsquo;est fait envoyer la commande dans le but de vous la remettre plus tard, c&rsquo;est \u00e0 elle que nous adresserons le remboursement et elle saura donc que vous avez retourn\u00e9 son cadeau.<br \/>Exp\u00e9dition<br \/>Pour retourner votre produit, vous devez l&rsquo;envoyer \u00e0 l&rsquo;adresse postale suivante : 9 Rue Saint Just, 45120 Chalette-Sur-Loing, France.<\/p><p>Les co\u00fbts d&rsquo;exp\u00e9dition li\u00e9s au retour de votre article sont \u00e0 votre charge. Ils ne sont pas remboursables. Si vous recevez un remboursement, le co\u00fbt d&rsquo;exp\u00e9dition du retour en sera d\u00e9duit.<\/p><p>Selon l&rsquo;endroit o\u00f9 vous vivez, le d\u00e9lai de r\u00e9ception de votre produit \u00e9chang\u00e9 peut varier.<\/p><p>Si vous exp\u00e9diez un article d&rsquo;une valeur sup\u00e9rieure \u00e0 75\u00a0\u20ac, nous vous recommandons d&rsquo;utiliser un service de suivi d&rsquo;exp\u00e9dition ou de faire assurer votre envoi. Nous ne garantissons pas que nous recevrons l&rsquo;article retourn\u00e9.<\/p>\t\t\t\t\t\t\t\t<\/div>\n\t\t\t\t<\/div>\n\t\t\t\t\t<\/div>\n\t\t<\/div>\n\t\t\t\t\t<\/div>\n\t\t<\/section>\n\t\t\t\t\t<\/div>\n\t\t<\/div>\n\t\t\t\t\t<\/div>\n\t\t<\/section>\n\t\t\t\t<\/div>\n\t\t","protected":false},"excerpt":{"rendered":"<p>Notre politique dure 30 jours. Si plus de 30 jours se sont \u00e9coul\u00e9s depuis votre achat, nous ne pouvons malheureusement<\/p>\n","protected":false},"author":1,"featured_media":0,"parent":0,"menu_order":0,"comment_status":"closed","ping_status":"closed","template":"elementor_header_footer","meta":{"footnotes":""},"class_list":["post-8450","page","type-page","status-publish","hentry"],"jetpack_sharing_enabled":true,"_links":{"self":[{"href":"https:\/\/troncybois.com\/index.php?rest_route=\/wp\/v2\/pages\/8450","targetHints":{"allow":["GET"]}}],"collection":[{"href":"https:\/\/troncybois.com\/index.php?rest_route=\/wp\/v2\/pages"}],"about":[{"href":"https:\/\/troncybois.com\/index.php?rest_route=\/wp\/v2\/types\/page"}],"author":[{"embeddable":true,"href":"https:\/\/troncybois.com\/index.php?rest_route=\/wp\/v2\/users\/1"}],"replies":[{"embeddable":true,"href":"https:\/\/troncybois.com\/index.php?rest_route=%2Fwp%2Fv2%2Fcomments&post=8450"}],"version-history":[{"count":28,"href":"https:\/\/troncybois.com\/index.php?rest_route=\/wp\/v2\/pages\/8450\/revisions"}],"predecessor-version":[{"id":14442,"href":"https:\/\/troncybois.com\/index.php?rest_route=\/wp\/v2\/pages\/8450\/revisions\/14442"}],"wp:attachment":[{"href":"https:\/\/troncybois.com\/index.php?rest_route=%2Fwp%2Fv2%2Fmedia&parent=8450"}],"curies":[{"name":"wp","href":"https:\/\/api.w.org\/{rel}","templated":true}]}}